{"id":695,"date":"2025-09-19T09:44:57","date_gmt":"2025-09-19T01:44:57","guid":{"rendered":"http:\/\/diecuttermachine.com\/?page_id=695"},"modified":"2026-01-22T11:15:21","modified_gmt":"2026-01-22T03:15:21","slug":"about-us","status":"publish","type":"page","link":"https:\/\/diecuttermachine.com\/pt\/about-us\/","title":{"rendered":"Sobre n\u00f3s"},"content":{"rendered":"<div data-elementor-type=\"wp-page\" data-elementor-id=\"695\" class=\"elementor elementor-695\" data-elementor-post-type=\"page\">\n\t\t\t\t<div class=\"elementor-element elementor-element-79dd0cc e-flex e-con-boxed e-con e-parent\" data-id=\"79dd0cc\" data-element_type=\"container\" data-e-type=\"container\" data-settings=\"{&quot;background_background&quot;:&quot;classic&quot;}\">\n\t\t\t\t\t<div class=\"e-con-inner\">\n\t\t\t\t<div class=\"elementor-element elementor-element-b4122c4 elementor-widget elementor-widget-heading\" data-id=\"b4122c4\" data-element_type=\"widget\" data-e-type=\"widget\" data-widget_type=\"heading.default\">\n\t\t\t\t\t<h2 class=\"elementor-heading-title elementor-size-default\">Sobre n\u00f3s<\/h2>\t\t\t\t<\/div>\n\t\t\t\t<div class=\"elementor-element elementor-element-87084c9 elementor-align-left elementor-widget elementor-widget-breadcrumbs\" data-id=\"87084c9\" data-element_type=\"widget\" data-e-type=\"widget\" data-widget_type=\"breadcrumbs.default\">\n\t\t\t\t<div class=\"elementor-widget-container\">\n\t\t\t\t\t<div><span class=\"last\">P\u00e1gina inicial<\/span><\/div>\t\t\t\t<\/div>\n\t\t\t\t<\/div>\n\t\t\t\t\t<\/div>\n\t\t\t\t<\/div>\n\t\t<div class=\"elementor-element elementor-element-ad3c602 e-flex e-con-boxed e-con e-parent\" data-id=\"ad3c602\" data-element_type=\"container\" data-e-type=\"container\">\n\t\t\t\t\t<div class=\"e-con-inner\">\n\t\t<div class=\"elementor-element elementor-element-0adf951 e-con-full e-flex e-con e-child\" data-id=\"0adf951\" data-element_type=\"container\" data-e-type=\"container\">\n\t\t\t\t<div class=\"elementor-element elementor-element-e6128e8 elementor-widget elementor-widget-heading\" data-id=\"e6128e8\" data-element_type=\"widget\" data-e-type=\"widget\" data-widget_type=\"heading.default\">\n\t\t\t\t\t<h3 class=\"elementor-heading-title elementor-size-default\">Sobre a Dingsheng Machine<\/h3>\t\t\t\t<\/div>\n\t\t\t\t<div class=\"elementor-element elementor-element-3b3747a elementor-widget__width-initial elementor-widget elementor-widget-text-editor\" data-id=\"3b3747a\" data-element_type=\"widget\" data-e-type=\"widget\" data-widget_type=\"text-editor.default\">\n\t\t\t\t\t\t\t\t\t<p>A Dingsheng Machine \u00e9 uma grande empresa especializada na produ\u00e7\u00e3o de m\u00e1quinas autom\u00e1ticas de precis\u00e3o e produtos mec\u00e2nicos em geral. Fabricamos principalmente m\u00e1quinas de corte hidr\u00e1ulicas, m\u00e1quinas de corte hidr\u00e1ulicas com bra\u00e7o oscilante, m\u00e1quinas de corte hidr\u00e1ulicas com cabe\u00e7a m\u00f3vel, m\u00e1quinas de corte CNC, m\u00e1quinas de corte com correia, m\u00e1quinas de lamina\u00e7\u00e3o a chama e m\u00e1quinas de corte de rolos. A nossa empresa domina a tecnologia de m\u00e1quinas de corte de couro, possui uma forte for\u00e7a t\u00e9cnica e instala\u00e7\u00f5es de produ\u00e7\u00e3o completas.<\/p>\t\t\t\t\t\t\t\t<\/div>\n\t\t\t\t<div class=\"elementor-element elementor-element-6b18a16 elementor-align-left elementor-mobile-align-center elementor-widget elementor-widget-button\" data-id=\"6b18a16\" data-element_type=\"widget\" data-e-type=\"widget\" data-widget_type=\"button.default\">\n\t\t\t\t\t\t\t\t\t\t<a class=\"elementor-button elementor-button-link elementor-size-sm\" href=\"https:\/\/diecuttermachine.com\/pt\/company-profile\/\">\n\t\t\t\t\t\t<span class=\"elementor-button-content-wrapper\">\n\t\t\t\t\t\t\t\t\t<span class=\"elementor-button-text\">Saiba mais<\/span>\n\t\t\t\t\t<\/span>\n\t\t\t\t\t<\/a>\n\t\t\t\t\t\t\t\t<\/div>\n\t\t\t\t<\/div>\n\t\t<div class=\"elementor-element elementor-element-af10c5f e-con-full e-flex e-con e-child\" data-id=\"af10c5f\" data-element_type=\"container\" data-e-type=\"container\">\n\t\t\t\t<div class=\"elementor-element elementor-element-8b317c9 elementor-widget elementor-widget-image\" data-id=\"8b317c9\" data-element_type=\"widget\" data-e-type=\"widget\" data-widget_type=\"image.default\">\n\t\t\t\t\t\t\t\t\t\t\t\t\t\t\t<img fetchpriority=\"high\" decoding=\"async\" width=\"1024\" height=\"621\" src=\"https:\/\/diecuttermachine.com\/wp-content\/uploads\/2025\/09\/\u5fae\u4fe1\u56fe\u7247_202503050848205-1024x621.webp\" class=\"attachment-large size-large wp-image-514\" alt=\"factory banner\" srcset=\"https:\/\/diecuttermachine.com\/wp-content\/uploads\/2025\/09\/\u5fae\u4fe1\u56fe\u7247_202503050848205-1024x621.webp 1024w, https:\/\/diecuttermachine.com\/wp-content\/uploads\/2025\/09\/\u5fae\u4fe1\u56fe\u7247_202503050848205-300x182.webp 300w, https:\/\/diecuttermachine.com\/wp-content\/uploads\/2025\/09\/\u5fae\u4fe1\u56fe\u7247_202503050848205-768x466.webp 768w, https:\/\/diecuttermachine.com\/wp-content\/uploads\/2025\/09\/\u5fae\u4fe1\u56fe\u7247_202503050848205-1536x931.webp 1536w, https:\/\/diecuttermachine.com\/wp-content\/uploads\/2025\/09\/\u5fae\u4fe1\u56fe\u7247_202503050848205.webp 1920w\" sizes=\"(max-width: 1024px) 100vw, 1024px\" title=\"Fabricante profissional de m\u00e1quinas de corte e vinco\">\t\t\t\t\t\t\t\t\t\t\t\t\t\t\t<\/div>\n\t\t\t\t<\/div>\n\t\t\t\t\t<\/div>\n\t\t\t\t<\/div>\n\t\t<div class=\"elementor-element elementor-element-35af12d e-con-full e-flex e-con e-parent\" data-id=\"35af12d\" data-element_type=\"container\" data-e-type=\"container\">\n\t\t<div class=\"elementor-element elementor-element-2036d67 e-con-full e-flex e-con e-child\" data-id=\"2036d67\" data-element_type=\"container\" data-e-type=\"container\">\n\t\t\t\t<div class=\"elementor-element elementor-element-186b8c5 elementor-widget elementor-widget-image\" data-id=\"186b8c5\" data-element_type=\"widget\" data-e-type=\"widget\" data-widget_type=\"image.default\">\n\t\t\t\t\t\t\t\t\t\t\t\t\t\t\t<img decoding=\"async\" width=\"1024\" height=\"768\" src=\"https:\/\/diecuttermachine.com\/wp-content\/uploads\/2025\/10\/0b1c439a4c0de7ad7d15dee9b7e112c-1024x768.webp\" class=\"attachment-large size-large wp-image-724\" alt=\"Fabricante profissional de m\u00e1quinas de corte e vinco\" srcset=\"https:\/\/diecuttermachine.com\/wp-content\/uploads\/2025\/10\/0b1c439a4c0de7ad7d15dee9b7e112c-1024x768.webp 1024w, https:\/\/diecuttermachine.com\/wp-content\/uploads\/2025\/10\/0b1c439a4c0de7ad7d15dee9b7e112c-300x225.webp 300w, https:\/\/diecuttermachine.com\/wp-content\/uploads\/2025\/10\/0b1c439a4c0de7ad7d15dee9b7e112c-768x576.webp 768w, https:\/\/diecuttermachine.com\/wp-content\/uploads\/2025\/10\/0b1c439a4c0de7ad7d15dee9b7e112c.webp 1200w\" sizes=\"(max-width: 1024px) 100vw, 1024px\" title=\"Fabricante profissional de m\u00e1quinas de corte e vinco\">\t\t\t\t\t\t\t\t\t\t\t\t\t\t\t<\/div>\n\t\t\t\t<\/div>\n\t\t<div class=\"elementor-element elementor-element-0c1ef83 e-con-full e-flex e-con e-child\" data-id=\"0c1ef83\" data-element_type=\"container\" data-e-type=\"container\" data-settings=\"{&quot;background_background&quot;:&quot;classic&quot;}\">\n\t\t\t\t<div class=\"elementor-element elementor-element-27a5008 elementor-widget elementor-widget-heading\" data-id=\"27a5008\" data-element_type=\"widget\" data-e-type=\"widget\" data-widget_type=\"heading.default\">\n\t\t\t\t\t<h3 class=\"elementor-heading-title elementor-size-default\">Veja as nossas instala\u00e7\u00f5es<\/h3>\t\t\t\t<\/div>\n\t\t\t\t<div class=\"elementor-element elementor-element-880c497 elementor-widget__width-initial elementor-widget elementor-widget-text-editor\" data-id=\"880c497\" data-element_type=\"widget\" data-e-type=\"widget\" data-widget_type=\"text-editor.default\">\n\t\t\t\t\t\t\t\t\t<p>A nossa empresa possui um sistema de gest\u00e3o cient\u00edfico padr\u00e3o e um sistema de gest\u00e3o de qualidade abrangente e aperfei\u00e7oado, al\u00e9m de um servi\u00e7o r\u00e1pido e um sistema de assist\u00eancia p\u00f3s-venda atencioso. Introdu\u00e7\u00e3o de tecnologia avan\u00e7ada, sele\u00e7\u00e3o de um excelente sistema hidr\u00e1ulico. O princ\u00edpio de um design mec\u00e2nico preciso, est\u00e1vel e eficiente! Excelente equipamento de produ\u00e7\u00e3o, forte for\u00e7a t\u00e9cnica, capacidade de processamento avan\u00e7ada e instala\u00e7\u00f5es de teste completas.<\/p>\t\t\t\t\t\t\t\t<\/div>\n\t\t\t\t<div class=\"elementor-element elementor-element-925898d elementor-align-left elementor-widget elementor-widget-button\" data-id=\"925898d\" data-element_type=\"widget\" data-e-type=\"widget\" data-widget_type=\"button.default\">\n\t\t\t\t\t\t\t\t\t\t<a class=\"elementor-button elementor-button-link elementor-size-sm\" href=\"https:\/\/diecuttermachine.com\/pt\/factory-tour\/\">\n\t\t\t\t\t\t<span class=\"elementor-button-content-wrapper\">\n\t\t\t\t\t\t\t\t\t<span class=\"elementor-button-text\">Saiba mais<\/span>\n\t\t\t\t\t<\/span>\n\t\t\t\t\t<\/a>\n\t\t\t\t\t\t\t\t<\/div>\n\t\t\t\t<\/div>\n\t\t\t\t<\/div>\n\t\t<div class=\"elementor-element elementor-element-bf50041 e-flex e-con-boxed e-con e-parent\" data-id=\"bf50041\" data-element_type=\"container\" data-e-type=\"container\">\n\t\t\t\t\t<div class=\"e-con-inner\">\n\t\t\t\t<div class=\"elementor-element elementor-element-0e0a7d1 elementor-widget elementor-widget-heading\" data-id=\"0e0a7d1\" data-element_type=\"widget\" data-e-type=\"widget\" data-widget_type=\"heading.default\">\n\t\t\t\t\t<h3 class=\"elementor-heading-title elementor-size-default\">Inspe\u00e7\u00e3o e controlo de qualidade<\/h3>\t\t\t\t<\/div>\n\t\t\t\t<div class=\"elementor-element elementor-element-0520c4e elementor-widget__width-initial elementor-widget elementor-widget-text-editor\" data-id=\"0520c4e\" data-element_type=\"widget\" data-e-type=\"widget\" data-widget_type=\"text-editor.default\">\n\t\t\t\t\t\t\t\t\t<p>Na ind\u00fastria de fabrica\u00e7\u00e3o mec\u00e2nica, onde a precis\u00e3o define o desempenho e a confiabilidade molda a reputa\u00e7\u00e3o, a qualidade n\u00e3o \u00e9 apenas um padr\u00e3o \u2014 \u00e9 a pedra angular do desenvolvimento sustent\u00e1vel. Desde a sele\u00e7\u00e3o da mat\u00e9ria-prima at\u00e9 a entrega final da m\u00e1quina acabada, um sistema rigoroso e sistem\u00e1tico de monitoramento e controle de qualidade garante que cada componente, cada montagem e cada pe\u00e7a de equipamento atenda ou exceda os padr\u00f5es globais e as expectativas do cliente.<\/p>\t\t\t\t\t\t\t\t<\/div>\n\t\t\t\t<div class=\"elementor-element elementor-element-c9ab348 elementor-widget__width-initial elementor-invisible elementor-widget elementor-widget-gallery\" data-id=\"c9ab348\" data-element_type=\"widget\" data-e-type=\"widget\" data-settings=\"{&quot;gap&quot;:{&quot;unit&quot;:&quot;px&quot;,&quot;size&quot;:15,&quot;sizes&quot;:[]},&quot;aspect_ratio&quot;:&quot;16:9&quot;,&quot;_animation&quot;:&quot;fadeInLeft&quot;,&quot;lazyload&quot;:&quot;yes&quot;,&quot;gallery_layout&quot;:&quot;grid&quot;,&quot;columns&quot;:4,&quot;columns_tablet&quot;:2,&quot;columns_mobile&quot;:1,&quot;gap_tablet&quot;:{&quot;unit&quot;:&quot;px&quot;,&quot;size&quot;:10,&quot;sizes&quot;:[]},&quot;gap_mobile&quot;:{&quot;unit&quot;:&quot;px&quot;,&quot;size&quot;:10,&quot;sizes&quot;:[]},&quot;content_hover_animation&quot;:&quot;fade-in&quot;}\" data-widget_type=\"gallery.default\">\n\t\t\t\t\t\t\t<div class=\"elementor-gallery__container\">\n\t\t\t\t\t\t\t<div class=\"e-gallery-item elementor-gallery-item elementor-animated-content\">\n\t\t\t\t\t<div class=\"e-gallery-image elementor-gallery-item__image\" data-thumbnail=\"https:\/\/diecuttermachine.com\/wp-content\/uploads\/2025\/09\/Mechanical-Manufacturing-Quality-Copywriting-1.webp\" data-width=\"1200\" data-height=\"783\" aria-label=\"\" role=\"img\" ><\/div>\n\t\t\t\t\t\t\t\t\t\t\t\t\t\t<\/div>\n\t\t\t\t\t\t\t<div class=\"e-gallery-item elementor-gallery-item elementor-animated-content\">\n\t\t\t\t\t<div class=\"e-gallery-image elementor-gallery-item__image\" data-thumbnail=\"https:\/\/diecuttermachine.com\/wp-content\/uploads\/2025\/09\/Mechanical-Manufacturing-Quality-Copywriting-2.webp\" data-width=\"1200\" data-height=\"783\" aria-label=\"\" role=\"img\" ><\/div>\n\t\t\t\t\t\t\t\t\t\t\t\t\t\t<\/div>\n\t\t\t\t\t\t\t<div class=\"e-gallery-item elementor-gallery-item elementor-animated-content\">\n\t\t\t\t\t<div class=\"e-gallery-image elementor-gallery-item__image\" data-thumbnail=\"https:\/\/diecuttermachine.com\/wp-content\/uploads\/2025\/09\/Mechanical-Manufacturing-Quality-Copywriting-3.webp\" data-width=\"1200\" data-height=\"783\" aria-label=\"\" role=\"img\" ><\/div>\n\t\t\t\t\t\t\t\t\t\t\t\t\t\t<\/div>\n\t\t\t\t\t\t\t<div class=\"e-gallery-item elementor-gallery-item elementor-animated-content\">\n\t\t\t\t\t<div class=\"e-gallery-image elementor-gallery-item__image\" data-thumbnail=\"https:\/\/diecuttermachine.com\/wp-content\/uploads\/2025\/09\/Mechanical-Manufacturing-Quality-Copywriting.webp\" data-width=\"1200\" data-height=\"783\" aria-label=\"\" role=\"img\" ><\/div>\n\t\t\t\t\t\t\t\t\t\t\t\t\t\t<\/div>\n\t\t\t\t\t<\/div>\n\t\t\t\t\t<\/div>\n\t\t\t\t<div class=\"elementor-element elementor-element-e0d4d5c elementor-align-left elementor-widget elementor-widget-button\" data-id=\"e0d4d5c\" data-element_type=\"widget\" data-e-type=\"widget\" data-widget_type=\"button.default\">\n\t\t\t\t\t\t\t\t\t\t<a class=\"elementor-button elementor-button-link elementor-size-sm\" href=\"https:\/\/diecuttermachine.com\/pt\/quality-control\/\">\n\t\t\t\t\t\t<span class=\"elementor-button-content-wrapper\">\n\t\t\t\t\t\t\t\t\t<span class=\"elementor-button-text\">Ver mais<\/span>\n\t\t\t\t\t<\/span>\n\t\t\t\t\t<\/a>\n\t\t\t\t\t\t\t\t<\/div>\n\t\t\t\t\t<\/div>\n\t\t\t\t<\/div>\n\t\t<div class=\"elementor-element elementor-element-d350093 e-con-full e-flex e-con e-parent\" data-id=\"d350093\" data-element_type=\"container\" data-e-type=\"container\">\n\t\t<div class=\"elementor-element elementor-element-c53d1e1 e-con-full e-flex e-con e-child\" data-id=\"c53d1e1\" data-element_type=\"container\" data-e-type=\"container\">\n\t\t\t\t<div class=\"elementor-element elementor-element-bf89762 elementor-widget elementor-widget-video\" data-id=\"bf89762\" data-element_type=\"widget\" data-e-type=\"widget\" data-settings=\"{&quot;video_type&quot;:&quot;hosted&quot;,&quot;autoplay&quot;:&quot;yes&quot;,&quot;loop&quot;:&quot;yes&quot;}\" data-widget_type=\"video.default\">\n\t\t\t\t\t\t\t<div class=\"e-hosted-video elementor-wrapper elementor-open-inline\">\n\t\t\t\t\t<video class=\"elementor-video\" src=\"http:\/\/diecuttermachine.com\/wp-content\/uploads\/2025\/10\/c6260695f793a21f216d3b598a0a36a3.mp4\" autoplay=\"\" loop=\"\" controlslist=\"nodownload\"><\/video>\n\t\t\t\t<\/div>\n\t\t\t\t\t\t<\/div>\n\t\t\t\t<\/div>\n\t\t<div class=\"elementor-element elementor-element-ab617f9 e-con-full e-flex e-con e-child\" data-id=\"ab617f9\" data-element_type=\"container\" data-e-type=\"container\" data-settings=\"{&quot;background_background&quot;:&quot;classic&quot;}\">\n\t\t\t\t<div class=\"elementor-element elementor-element-c0ab619 elementor-widget elementor-widget-heading\" data-id=\"c0ab619\" data-element_type=\"widget\" data-e-type=\"widget\" data-widget_type=\"heading.default\">\n\t\t\t\t\t<h3 class=\"elementor-heading-title elementor-size-default\">V\u00eddeo do workshop<\/h3>\t\t\t\t<\/div>\n\t\t\t\t<div class=\"elementor-element elementor-element-0cdab8c elementor-widget__width-initial elementor-widget elementor-widget-text-editor\" data-id=\"0cdab8c\" data-element_type=\"widget\" data-e-type=\"widget\" data-widget_type=\"text-editor.default\">\n\t\t\t\t\t\t\t\t\t<p>A m\u00e1quina Dinghseng possui capacidade de design de primeira classe, a nossa m\u00e1quina obt\u00e9m inova\u00e7\u00e3o e desenvolvimento constantes na posi\u00e7\u00e3o de lideran\u00e7a do mercado. O nosso engenheiro t\u00e9cnico s\u00e9nior possui vasta experi\u00eancia, modelagem e configura\u00e7\u00e3o da m\u00e1quina, de acordo com os diferentes requisitos do processo de corte, para buscar as solu\u00e7\u00f5es mais adequadas, a combina\u00e7\u00e3o perfeita de tecnologia avan\u00e7ada e componentes excelentes ao mesmo tempo, para garantir totalmente a qualidade do produto.<\/p>\t\t\t\t\t\t\t\t<\/div>\n\t\t\t\t<div class=\"elementor-element elementor-element-4cec310 elementor-align-left elementor-widget elementor-widget-button\" data-id=\"4cec310\" data-element_type=\"widget\" data-e-type=\"widget\" data-widget_type=\"button.default\">\n\t\t\t\t\t\t\t\t\t\t<a class=\"elementor-button elementor-button-link elementor-size-sm\" href=\"https:\/\/diecuttermachine.com\/pt\/workshop-video\/\">\n\t\t\t\t\t\t<span class=\"elementor-button-content-wrapper\">\n\t\t\t\t\t\t\t\t\t<span class=\"elementor-button-text\">ASSISTA AO V\u00cdDEO<\/span>\n\t\t\t\t\t<\/span>\n\t\t\t\t\t<\/a>\n\t\t\t\t\t\t\t\t<\/div>\n\t\t\t\t<\/div>\n\t\t\t\t<\/div>\n\t\t\t\t<\/div>","protected":false},"excerpt":{"rendered":"<p>About Us Home About Dingsheng Machine Dingsheng machine is a large-scale enterprise specializing in the production of precision automatic machinery [&hellip;]<\/p>","protected":false},"author":1,"featured_media":0,"parent":0,"menu_order":0,"comment_status":"closed","ping_status":"closed","template":"","meta":{"_acf_changed":false,"_monsterinsights_skip_tracking":false,"_monsterinsights_sitenote_active":false,"_monsterinsights_sitenote_note":"","_monsterinsights_sitenote_category":0,"site-sidebar-layout":"no-sidebar","site-content-layout":"","ast-site-content-layout":"full-width-container","site-content-style":"default","site-sidebar-style":"default","ast-global-header-display":"","ast-banner-title-visibility":"","ast-main-header-display":"","ast-hfb-above-header-display":"","ast-hfb-below-header-display":"","ast-hfb-mobile-header-display":"","site-post-title":"","ast-breadcrumbs-content":"","ast-featured-img":"disabled","footer-sml-layout":"","ast-disable-related-posts":"","theme-transparent-header-meta":"default","adv-header-id-meta":"","stick-header-meta":"default","header-above-stick-meta":"","header-main-stick-meta":"","header-below-stick-meta":"","astra-migrate-meta-layouts":"set","ast-page-background-enabled":"default","ast-page-background-meta":{"desktop":{"background-color":"var(--ast-global-color-5)","background-image":"","background-repeat":"repeat","background-position":"center center","background-size":"auto","background-attachment":"scroll","background-type":"","background-media":"","overlay-type":"","overlay-color":"","overlay-opacity":"","overlay-gradient":""},"tablet":{"background-color":"","background-image":"","background-repeat":"repeat","background-position":"center center","background-size":"auto","background-attachment":"scroll","background-type":"","background-media":"","overlay-type":"","overlay-color":"","overlay-opacity":"","overlay-gradient":""},"mobile":{"background-color":"","background-image":"","background-repeat":"repeat","background-position":"center center","background-size":"auto","background-attachment":"scroll","background-type":"","background-media":"","overlay-type":"","overlay-color":"","overlay-opacity":"","overlay-gradient":""}},"ast-content-background-meta":{"desktop":{"background-color":"var(--ast-global-color-4)","background-image":"","background-repeat":"repeat","background-position":"center center","background-size":"auto","background-attachment":"scroll","background-type":"","background-media":"","overlay-type":"","overlay-color":"","overlay-opacity":"","overlay-gradient":""},"tablet":{"background-color":"var(--ast-global-color-4)","background-image":"","background-repeat":"repeat","background-position":"center center","background-size":"auto","background-attachment":"scroll","background-type":"","background-media":"","overlay-type":"","overlay-color":"","overlay-opacity":"","overlay-gradient":""},"mobile":{"background-color":"var(--ast-global-color-4)","background-image":"","background-repeat":"repeat","background-position":"center center","background-size":"auto","background-attachment":"scroll","background-type":"","background-media":"","overlay-type":"","overlay-color":"","overlay-opacity":"","overlay-gradient":""}},"footnotes":""},"class_list":["post-695","page","type-page","status-publish","hentry"],"acf":[],"_links":{"self":[{"href":"https:\/\/diecuttermachine.com\/pt\/wp-json\/wp\/v2\/pages\/695","targetHints":{"allow":["GET"]}}],"collection":[{"href":"https:\/\/diecuttermachine.com\/pt\/wp-json\/wp\/v2\/pages"}],"about":[{"href":"https:\/\/diecuttermachine.com\/pt\/wp-json\/wp\/v2\/types\/page"}],"author":[{"embeddable":true,"href":"https:\/\/diecuttermachine.com\/pt\/wp-json\/wp\/v2\/users\/1"}],"replies":[{"embeddable":true,"href":"https:\/\/diecuttermachine.com\/pt\/wp-json\/wp\/v2\/comments?post=695"}],"version-history":[{"count":29,"href":"https:\/\/diecuttermachine.com\/pt\/wp-json\/wp\/v2\/pages\/695\/revisions"}],"predecessor-version":[{"id":1851,"href":"https:\/\/diecuttermachine.com\/pt\/wp-json\/wp\/v2\/pages\/695\/revisions\/1851"}],"wp:attachment":[{"href":"https:\/\/diecuttermachine.com\/pt\/wp-json\/wp\/v2\/media?parent=695"}],"curies":[{"name":"wp","href":"https:\/\/api.w.org\/{rel}","templated":true}]}}