{"id":695,"date":"2025-09-19T09:44:57","date_gmt":"2025-09-19T01:44:57","guid":{"rendered":"http:\/\/diecuttermachine.com\/?page_id=695"},"modified":"2026-01-22T11:15:21","modified_gmt":"2026-01-22T03:15:21","slug":"about-us","status":"publish","type":"page","link":"https:\/\/diecuttermachine.com\/fr\/about-us\/","title":{"rendered":"\u00c0 propos de nous"},"content":{"rendered":"<div data-elementor-type=\"wp-page\" data-elementor-id=\"695\" class=\"elementor elementor-695\" data-elementor-post-type=\"page\">\n\t\t\t\t<div class=\"elementor-element elementor-element-79dd0cc e-flex e-con-boxed e-con e-parent\" data-id=\"79dd0cc\" data-element_type=\"container\" data-e-type=\"container\" data-settings=\"{&quot;background_background&quot;:&quot;classic&quot;}\">\n\t\t\t\t\t<div class=\"e-con-inner\">\n\t\t\t\t<div class=\"elementor-element elementor-element-b4122c4 elementor-widget elementor-widget-heading\" data-id=\"b4122c4\" data-element_type=\"widget\" data-e-type=\"widget\" data-widget_type=\"heading.default\">\n\t\t\t\t\t<h2 class=\"elementor-heading-title elementor-size-default\">\u00c0 propos de nous<\/h2>\t\t\t\t<\/div>\n\t\t\t\t<div class=\"elementor-element elementor-element-87084c9 elementor-align-left elementor-widget elementor-widget-breadcrumbs\" data-id=\"87084c9\" data-element_type=\"widget\" data-e-type=\"widget\" data-widget_type=\"breadcrumbs.default\">\n\t\t\t\t<div class=\"elementor-widget-container\">\n\t\t\t\t\t<div><span class=\"last\">Accueil<\/span><\/div>\t\t\t\t<\/div>\n\t\t\t\t<\/div>\n\t\t\t\t\t<\/div>\n\t\t\t\t<\/div>\n\t\t<div class=\"elementor-element elementor-element-ad3c602 e-flex e-con-boxed e-con e-parent\" data-id=\"ad3c602\" data-element_type=\"container\" data-e-type=\"container\">\n\t\t\t\t\t<div class=\"e-con-inner\">\n\t\t<div class=\"elementor-element elementor-element-0adf951 e-con-full e-flex e-con e-child\" data-id=\"0adf951\" data-element_type=\"container\" data-e-type=\"container\">\n\t\t\t\t<div class=\"elementor-element elementor-element-e6128e8 elementor-widget elementor-widget-heading\" data-id=\"e6128e8\" data-element_type=\"widget\" data-e-type=\"widget\" data-widget_type=\"heading.default\">\n\t\t\t\t\t<h3 class=\"elementor-heading-title elementor-size-default\">\u00c0 propos de Dingsheng Machine<\/h3>\t\t\t\t<\/div>\n\t\t\t\t<div class=\"elementor-element elementor-element-3b3747a elementor-widget__width-initial elementor-widget elementor-widget-text-editor\" data-id=\"3b3747a\" data-element_type=\"widget\" data-e-type=\"widget\" data-widget_type=\"text-editor.default\">\n\t\t\t\t\t\t\t\t\t<p>Dingsheng Machine est une grande entreprise sp\u00e9cialis\u00e9e dans la production de machines automatiques de pr\u00e9cision et de produits m\u00e9caniques g\u00e9n\u00e9raux. Nous fabriquons principalement des machines de d\u00e9coupe hydraulique, des machines de d\u00e9coupe \u00e0 bras pivotant hydraulique, des machines de d\u00e9coupe \u00e0 t\u00eate mobile hydraulique, des machines de d\u00e9coupe CNC, des machines de d\u00e9coupe \u00e0 bande, des machines de laminage \u00e0 la flamme et des machines de refendage \u00e0 rouleaux. Notre entreprise ma\u00eetrise la technologie des machines de d\u00e9coupe du cuir, dispose d'une forte expertise technique et d'installations de production compl\u00e8tes.<\/p>\t\t\t\t\t\t\t\t<\/div>\n\t\t\t\t<div class=\"elementor-element elementor-element-6b18a16 elementor-align-left elementor-mobile-align-center elementor-widget elementor-widget-button\" data-id=\"6b18a16\" data-element_type=\"widget\" data-e-type=\"widget\" data-widget_type=\"button.default\">\n\t\t\t\t\t\t\t\t\t\t<a class=\"elementor-button elementor-button-link elementor-size-sm\" href=\"https:\/\/diecuttermachine.com\/fr\/company-profile\/\">\n\t\t\t\t\t\t<span class=\"elementor-button-content-wrapper\">\n\t\t\t\t\t\t\t\t\t<span class=\"elementor-button-text\">En savoir plus<\/span>\n\t\t\t\t\t<\/span>\n\t\t\t\t\t<\/a>\n\t\t\t\t\t\t\t\t<\/div>\n\t\t\t\t<\/div>\n\t\t<div class=\"elementor-element elementor-element-af10c5f e-con-full e-flex e-con e-child\" data-id=\"af10c5f\" data-element_type=\"container\" data-e-type=\"container\">\n\t\t\t\t<div class=\"elementor-element elementor-element-8b317c9 elementor-widget elementor-widget-image\" data-id=\"8b317c9\" data-element_type=\"widget\" data-e-type=\"widget\" data-widget_type=\"image.default\">\n\t\t\t\t\t\t\t\t\t\t\t\t\t\t\t<img fetchpriority=\"high\" decoding=\"async\" width=\"1024\" height=\"621\" src=\"https:\/\/diecuttermachine.com\/wp-content\/uploads\/2025\/09\/\u5fae\u4fe1\u56fe\u7247_202503050848205-1024x621.webp\" class=\"attachment-large size-large wp-image-514\" alt=\"factory banner\" srcset=\"https:\/\/diecuttermachine.com\/wp-content\/uploads\/2025\/09\/\u5fae\u4fe1\u56fe\u7247_202503050848205-1024x621.webp 1024w, https:\/\/diecuttermachine.com\/wp-content\/uploads\/2025\/09\/\u5fae\u4fe1\u56fe\u7247_202503050848205-300x182.webp 300w, https:\/\/diecuttermachine.com\/wp-content\/uploads\/2025\/09\/\u5fae\u4fe1\u56fe\u7247_202503050848205-768x466.webp 768w, https:\/\/diecuttermachine.com\/wp-content\/uploads\/2025\/09\/\u5fae\u4fe1\u56fe\u7247_202503050848205-1536x931.webp 1536w, https:\/\/diecuttermachine.com\/wp-content\/uploads\/2025\/09\/\u5fae\u4fe1\u56fe\u7247_202503050848205.webp 1920w\" sizes=\"(max-width: 1024px) 100vw, 1024px\" title=\"Fabricant professionnel de machines de d\u00e9coupe \u00e0 l&#039;emporte-pi\u00e8ce\">\t\t\t\t\t\t\t\t\t\t\t\t\t\t\t<\/div>\n\t\t\t\t<\/div>\n\t\t\t\t\t<\/div>\n\t\t\t\t<\/div>\n\t\t<div class=\"elementor-element elementor-element-35af12d e-con-full e-flex e-con e-parent\" data-id=\"35af12d\" data-element_type=\"container\" data-e-type=\"container\">\n\t\t<div class=\"elementor-element elementor-element-2036d67 e-con-full e-flex e-con e-child\" data-id=\"2036d67\" data-element_type=\"container\" data-e-type=\"container\">\n\t\t\t\t<div class=\"elementor-element elementor-element-186b8c5 elementor-widget elementor-widget-image\" data-id=\"186b8c5\" data-element_type=\"widget\" data-e-type=\"widget\" data-widget_type=\"image.default\">\n\t\t\t\t\t\t\t\t\t\t\t\t\t\t\t<img decoding=\"async\" width=\"1024\" height=\"768\" src=\"https:\/\/diecuttermachine.com\/wp-content\/uploads\/2025\/10\/0b1c439a4c0de7ad7d15dee9b7e112c-1024x768.webp\" class=\"attachment-large size-large wp-image-724\" alt=\"Fabricant professionnel de machines de d\u00e9coupe \u00e0 l&#039;emporte-pi\u00e8ce\" srcset=\"https:\/\/diecuttermachine.com\/wp-content\/uploads\/2025\/10\/0b1c439a4c0de7ad7d15dee9b7e112c-1024x768.webp 1024w, https:\/\/diecuttermachine.com\/wp-content\/uploads\/2025\/10\/0b1c439a4c0de7ad7d15dee9b7e112c-300x225.webp 300w, https:\/\/diecuttermachine.com\/wp-content\/uploads\/2025\/10\/0b1c439a4c0de7ad7d15dee9b7e112c-768x576.webp 768w, https:\/\/diecuttermachine.com\/wp-content\/uploads\/2025\/10\/0b1c439a4c0de7ad7d15dee9b7e112c.webp 1200w\" sizes=\"(max-width: 1024px) 100vw, 1024px\" title=\"Fabricant professionnel de machines de d\u00e9coupe \u00e0 l&#039;emporte-pi\u00e8ce\">\t\t\t\t\t\t\t\t\t\t\t\t\t\t\t<\/div>\n\t\t\t\t<\/div>\n\t\t<div class=\"elementor-element elementor-element-0c1ef83 e-con-full e-flex e-con e-child\" data-id=\"0c1ef83\" data-element_type=\"container\" data-e-type=\"container\" data-settings=\"{&quot;background_background&quot;:&quot;classic&quot;}\">\n\t\t\t\t<div class=\"elementor-element elementor-element-27a5008 elementor-widget elementor-widget-heading\" data-id=\"27a5008\" data-element_type=\"widget\" data-e-type=\"widget\" data-widget_type=\"heading.default\">\n\t\t\t\t\t<h3 class=\"elementor-heading-title elementor-size-default\">D\u00e9couvrez nos installations<\/h3>\t\t\t\t<\/div>\n\t\t\t\t<div class=\"elementor-element elementor-element-880c497 elementor-widget__width-initial elementor-widget elementor-widget-text-editor\" data-id=\"880c497\" data-element_type=\"widget\" data-e-type=\"widget\" data-widget_type=\"text-editor.default\">\n\t\t\t\t\t\t\t\t\t<p>Notre entreprise dispose d'un syst\u00e8me de gestion conforme aux normes scientifiques, d'un syst\u00e8me de gestion de la qualit\u00e9 complet et perfectionn\u00e9, ainsi que d'un service rapide et d'un service apr\u00e8s-vente attentionn\u00e9. Introduction de technologies de pointe, s\u00e9lection d'excellents syst\u00e8mes hydrauliques. Principe de conception m\u00e9canique pr\u00e9cise, stable et efficace ! Excellents \u00e9quipements de production, forte force technique, capacit\u00e9s de traitement avanc\u00e9es et installations d'essai compl\u00e8tes.<\/p>\t\t\t\t\t\t\t\t<\/div>\n\t\t\t\t<div class=\"elementor-element elementor-element-925898d elementor-align-left elementor-widget elementor-widget-button\" data-id=\"925898d\" data-element_type=\"widget\" data-e-type=\"widget\" data-widget_type=\"button.default\">\n\t\t\t\t\t\t\t\t\t\t<a class=\"elementor-button elementor-button-link elementor-size-sm\" href=\"https:\/\/diecuttermachine.com\/fr\/factory-tour\/\">\n\t\t\t\t\t\t<span class=\"elementor-button-content-wrapper\">\n\t\t\t\t\t\t\t\t\t<span class=\"elementor-button-text\">En savoir plus<\/span>\n\t\t\t\t\t<\/span>\n\t\t\t\t\t<\/a>\n\t\t\t\t\t\t\t\t<\/div>\n\t\t\t\t<\/div>\n\t\t\t\t<\/div>\n\t\t<div class=\"elementor-element elementor-element-bf50041 e-flex e-con-boxed e-con e-parent\" data-id=\"bf50041\" data-element_type=\"container\" data-e-type=\"container\">\n\t\t\t\t\t<div class=\"e-con-inner\">\n\t\t\t\t<div class=\"elementor-element elementor-element-0e0a7d1 elementor-widget elementor-widget-heading\" data-id=\"0e0a7d1\" data-element_type=\"widget\" data-e-type=\"widget\" data-widget_type=\"heading.default\">\n\t\t\t\t\t<h3 class=\"elementor-heading-title elementor-size-default\">Inspection et contr\u00f4le qualit\u00e9<\/h3>\t\t\t\t<\/div>\n\t\t\t\t<div class=\"elementor-element elementor-element-0520c4e elementor-widget__width-initial elementor-widget elementor-widget-text-editor\" data-id=\"0520c4e\" data-element_type=\"widget\" data-e-type=\"widget\" data-widget_type=\"text-editor.default\">\n\t\t\t\t\t\t\t\t\t<p>Dans l'industrie m\u00e9canique, o\u00f9 la pr\u00e9cision d\u00e9finit la performance et o\u00f9 la fiabilit\u00e9 fa\u00e7onne la r\u00e9putation, la qualit\u00e9 n'est pas seulement une norme, c'est la pierre angulaire du d\u00e9veloppement durable. De la s\u00e9lection des mati\u00e8res premi\u00e8res \u00e0 la livraison finale de la machine finie, un syst\u00e8me rigoureux et syst\u00e9matique de surveillance et de contr\u00f4le de la qualit\u00e9 garantit que chaque composant, chaque assemblage et chaque \u00e9quipement r\u00e9pond ou d\u00e9passe les normes mondiales et les attentes des clients.<\/p>\t\t\t\t\t\t\t\t<\/div>\n\t\t\t\t<div class=\"elementor-element elementor-element-c9ab348 elementor-widget__width-initial elementor-invisible elementor-widget elementor-widget-gallery\" data-id=\"c9ab348\" data-element_type=\"widget\" data-e-type=\"widget\" data-settings=\"{&quot;gap&quot;:{&quot;unit&quot;:&quot;px&quot;,&quot;size&quot;:15,&quot;sizes&quot;:[]},&quot;aspect_ratio&quot;:&quot;16:9&quot;,&quot;_animation&quot;:&quot;fadeInLeft&quot;,&quot;lazyload&quot;:&quot;yes&quot;,&quot;gallery_layout&quot;:&quot;grid&quot;,&quot;columns&quot;:4,&quot;columns_tablet&quot;:2,&quot;columns_mobile&quot;:1,&quot;gap_tablet&quot;:{&quot;unit&quot;:&quot;px&quot;,&quot;size&quot;:10,&quot;sizes&quot;:[]},&quot;gap_mobile&quot;:{&quot;unit&quot;:&quot;px&quot;,&quot;size&quot;:10,&quot;sizes&quot;:[]},&quot;content_hover_animation&quot;:&quot;fade-in&quot;}\" data-widget_type=\"gallery.default\">\n\t\t\t\t\t\t\t<div class=\"elementor-gallery__container\">\n\t\t\t\t\t\t\t<div class=\"e-gallery-item elementor-gallery-item elementor-animated-content\">\n\t\t\t\t\t<div class=\"e-gallery-image elementor-gallery-item__image\" data-thumbnail=\"https:\/\/diecuttermachine.com\/wp-content\/uploads\/2025\/09\/Mechanical-Manufacturing-Quality-Copywriting-1.webp\" data-width=\"1200\" data-height=\"783\" aria-label=\"\" role=\"img\" ><\/div>\n\t\t\t\t\t\t\t\t\t\t\t\t\t\t<\/div>\n\t\t\t\t\t\t\t<div class=\"e-gallery-item elementor-gallery-item elementor-animated-content\">\n\t\t\t\t\t<div class=\"e-gallery-image elementor-gallery-item__image\" data-thumbnail=\"https:\/\/diecuttermachine.com\/wp-content\/uploads\/2025\/09\/Mechanical-Manufacturing-Quality-Copywriting-2.webp\" data-width=\"1200\" data-height=\"783\" aria-label=\"\" role=\"img\" ><\/div>\n\t\t\t\t\t\t\t\t\t\t\t\t\t\t<\/div>\n\t\t\t\t\t\t\t<div class=\"e-gallery-item elementor-gallery-item elementor-animated-content\">\n\t\t\t\t\t<div class=\"e-gallery-image elementor-gallery-item__image\" data-thumbnail=\"https:\/\/diecuttermachine.com\/wp-content\/uploads\/2025\/09\/Mechanical-Manufacturing-Quality-Copywriting-3.webp\" data-width=\"1200\" data-height=\"783\" aria-label=\"\" role=\"img\" ><\/div>\n\t\t\t\t\t\t\t\t\t\t\t\t\t\t<\/div>\n\t\t\t\t\t\t\t<div class=\"e-gallery-item elementor-gallery-item elementor-animated-content\">\n\t\t\t\t\t<div class=\"e-gallery-image elementor-gallery-item__image\" data-thumbnail=\"https:\/\/diecuttermachine.com\/wp-content\/uploads\/2025\/09\/Mechanical-Manufacturing-Quality-Copywriting.webp\" data-width=\"1200\" data-height=\"783\" aria-label=\"\" role=\"img\" ><\/div>\n\t\t\t\t\t\t\t\t\t\t\t\t\t\t<\/div>\n\t\t\t\t\t<\/div>\n\t\t\t\t\t<\/div>\n\t\t\t\t<div class=\"elementor-element elementor-element-e0d4d5c elementor-align-left elementor-widget elementor-widget-button\" data-id=\"e0d4d5c\" data-element_type=\"widget\" data-e-type=\"widget\" data-widget_type=\"button.default\">\n\t\t\t\t\t\t\t\t\t\t<a class=\"elementor-button elementor-button-link elementor-size-sm\" href=\"https:\/\/diecuttermachine.com\/fr\/quality-control\/\">\n\t\t\t\t\t\t<span class=\"elementor-button-content-wrapper\">\n\t\t\t\t\t\t\t\t\t<span class=\"elementor-button-text\">Voir plus<\/span>\n\t\t\t\t\t<\/span>\n\t\t\t\t\t<\/a>\n\t\t\t\t\t\t\t\t<\/div>\n\t\t\t\t\t<\/div>\n\t\t\t\t<\/div>\n\t\t<div class=\"elementor-element elementor-element-d350093 e-con-full e-flex e-con e-parent\" data-id=\"d350093\" data-element_type=\"container\" data-e-type=\"container\">\n\t\t<div class=\"elementor-element elementor-element-c53d1e1 e-con-full e-flex e-con e-child\" data-id=\"c53d1e1\" data-element_type=\"container\" data-e-type=\"container\">\n\t\t\t\t<div class=\"elementor-element elementor-element-bf89762 elementor-widget elementor-widget-video\" data-id=\"bf89762\" data-element_type=\"widget\" data-e-type=\"widget\" data-settings=\"{&quot;video_type&quot;:&quot;hosted&quot;,&quot;autoplay&quot;:&quot;yes&quot;,&quot;loop&quot;:&quot;yes&quot;}\" data-widget_type=\"video.default\">\n\t\t\t\t\t\t\t<div class=\"e-hosted-video elementor-wrapper elementor-open-inline\">\n\t\t\t\t\t<video class=\"elementor-video\" src=\"http:\/\/diecuttermachine.com\/wp-content\/uploads\/2025\/10\/c6260695f793a21f216d3b598a0a36a3.mp4\" autoplay=\"\" loop=\"\" controlslist=\"nodownload\"><\/video>\n\t\t\t\t<\/div>\n\t\t\t\t\t\t<\/div>\n\t\t\t\t<\/div>\n\t\t<div class=\"elementor-element elementor-element-ab617f9 e-con-full e-flex e-con e-child\" data-id=\"ab617f9\" data-element_type=\"container\" data-e-type=\"container\" data-settings=\"{&quot;background_background&quot;:&quot;classic&quot;}\">\n\t\t\t\t<div class=\"elementor-element elementor-element-c0ab619 elementor-widget elementor-widget-heading\" data-id=\"c0ab619\" data-element_type=\"widget\" data-e-type=\"widget\" data-widget_type=\"heading.default\">\n\t\t\t\t\t<h3 class=\"elementor-heading-title elementor-size-default\">Vid\u00e9o de l'atelier<\/h3>\t\t\t\t<\/div>\n\t\t\t\t<div class=\"elementor-element elementor-element-0cdab8c elementor-widget__width-initial elementor-widget elementor-widget-text-editor\" data-id=\"0cdab8c\" data-element_type=\"widget\" data-e-type=\"widget\" data-widget_type=\"text-editor.default\">\n\t\t\t\t\t\t\t\t\t<p>La machine Dinghseng b\u00e9n\u00e9ficie d'une conception de premier ordre. Notre machine fait l'objet d'une innovation et d'un d\u00e9veloppement constants, ce qui lui permet d'occuper une position de leader sur le march\u00e9. Notre ing\u00e9nieur technique senior poss\u00e8de une riche exp\u00e9rience dans la mod\u00e9lisation et la configuration de la machine. Il recherche les solutions les plus appropri\u00e9es en fonction des diff\u00e9rentes exigences du processus de d\u00e9coupe, combinant \u00e0 la perfection une technologie de pointe et des composants d'excellente qualit\u00e9, afin de garantir pleinement la qualit\u00e9 du produit.<\/p>\t\t\t\t\t\t\t\t<\/div>\n\t\t\t\t<div class=\"elementor-element elementor-element-4cec310 elementor-align-left elementor-widget elementor-widget-button\" data-id=\"4cec310\" data-element_type=\"widget\" data-e-type=\"widget\" data-widget_type=\"button.default\">\n\t\t\t\t\t\t\t\t\t\t<a class=\"elementor-button elementor-button-link elementor-size-sm\" href=\"https:\/\/diecuttermachine.com\/fr\/workshop-video\/\">\n\t\t\t\t\t\t<span class=\"elementor-button-content-wrapper\">\n\t\t\t\t\t\t\t\t\t<span class=\"elementor-button-text\">REGARDER LA VID\u00c9O<\/span>\n\t\t\t\t\t<\/span>\n\t\t\t\t\t<\/a>\n\t\t\t\t\t\t\t\t<\/div>\n\t\t\t\t<\/div>\n\t\t\t\t<\/div>\n\t\t\t\t<\/div>","protected":false},"excerpt":{"rendered":"<p>About Us Home About Dingsheng Machine Dingsheng machine is a large-scale enterprise specializing in the production of precision automatic machinery [&hellip;]<\/p>","protected":false},"author":1,"featured_media":0,"parent":0,"menu_order":0,"comment_status":"closed","ping_status":"closed","template":"","meta":{"_acf_changed":false,"_monsterinsights_skip_tracking":false,"_monsterinsights_sitenote_active":false,"_monsterinsights_sitenote_note":"","_monsterinsights_sitenote_category":0,"site-sidebar-layout":"no-sidebar","site-content-layout":"","ast-site-content-layout":"full-width-container","site-content-style":"default","site-sidebar-style":"default","ast-global-header-display":"","ast-banner-title-visibility":"","ast-main-header-display":"","ast-hfb-above-header-display":"","ast-hfb-below-header-display":"","ast-hfb-mobile-header-display":"","site-post-title":"","ast-breadcrumbs-content":"","ast-featured-img":"disabled","footer-sml-layout":"","ast-disable-related-posts":"","theme-transparent-header-meta":"default","adv-header-id-meta":"","stick-header-meta":"default","header-above-stick-meta":"","header-main-stick-meta":"","header-below-stick-meta":"","astra-migrate-meta-layouts":"set","ast-page-background-enabled":"default","ast-page-background-meta":{"desktop":{"background-color":"var(--ast-global-color-5)","background-image":"","background-repeat":"repeat","background-position":"center center","background-size":"auto","background-attachment":"scroll","background-type":"","background-media":"","overlay-type":"","overlay-color":"","overlay-opacity":"","overlay-gradient":""},"tablet":{"background-color":"","background-image":"","background-repeat":"repeat","background-position":"center center","background-size":"auto","background-attachment":"scroll","background-type":"","background-media":"","overlay-type":"","overlay-color":"","overlay-opacity":"","overlay-gradient":""},"mobile":{"background-color":"","background-image":"","background-repeat":"repeat","background-position":"center center","background-size":"auto","background-attachment":"scroll","background-type":"","background-media":"","overlay-type":"","overlay-color":"","overlay-opacity":"","overlay-gradient":""}},"ast-content-background-meta":{"desktop":{"background-color":"var(--ast-global-color-4)","background-image":"","background-repeat":"repeat","background-position":"center center","background-size":"auto","background-attachment":"scroll","background-type":"","background-media":"","overlay-type":"","overlay-color":"","overlay-opacity":"","overlay-gradient":""},"tablet":{"background-color":"var(--ast-global-color-4)","background-image":"","background-repeat":"repeat","background-position":"center center","background-size":"auto","background-attachment":"scroll","background-type":"","background-media":"","overlay-type":"","overlay-color":"","overlay-opacity":"","overlay-gradient":""},"mobile":{"background-color":"var(--ast-global-color-4)","background-image":"","background-repeat":"repeat","background-position":"center center","background-size":"auto","background-attachment":"scroll","background-type":"","background-media":"","overlay-type":"","overlay-color":"","overlay-opacity":"","overlay-gradient":""}},"footnotes":""},"class_list":["post-695","page","type-page","status-publish","hentry"],"acf":[],"_links":{"self":[{"href":"https:\/\/diecuttermachine.com\/fr\/wp-json\/wp\/v2\/pages\/695","targetHints":{"allow":["GET"]}}],"collection":[{"href":"https:\/\/diecuttermachine.com\/fr\/wp-json\/wp\/v2\/pages"}],"about":[{"href":"https:\/\/diecuttermachine.com\/fr\/wp-json\/wp\/v2\/types\/page"}],"author":[{"embeddable":true,"href":"https:\/\/diecuttermachine.com\/fr\/wp-json\/wp\/v2\/users\/1"}],"replies":[{"embeddable":true,"href":"https:\/\/diecuttermachine.com\/fr\/wp-json\/wp\/v2\/comments?post=695"}],"version-history":[{"count":29,"href":"https:\/\/diecuttermachine.com\/fr\/wp-json\/wp\/v2\/pages\/695\/revisions"}],"predecessor-version":[{"id":1851,"href":"https:\/\/diecuttermachine.com\/fr\/wp-json\/wp\/v2\/pages\/695\/revisions\/1851"}],"wp:attachment":[{"href":"https:\/\/diecuttermachine.com\/fr\/wp-json\/wp\/v2\/media?parent=695"}],"curies":[{"name":"wp","href":"https:\/\/api.w.org\/{rel}","templated":true}]}}