{"id":695,"date":"2025-09-19T09:44:57","date_gmt":"2025-09-19T01:44:57","guid":{"rendered":"http:\/\/diecuttermachine.com\/?page_id=695"},"modified":"2026-01-22T11:15:21","modified_gmt":"2026-01-22T03:15:21","slug":"about-us","status":"publish","type":"page","link":"https:\/\/diecuttermachine.com\/es\/about-us\/","title":{"rendered":"Acerca de nosotros"},"content":{"rendered":"<div data-elementor-type=\"wp-page\" data-elementor-id=\"695\" class=\"elementor elementor-695\" data-elementor-post-type=\"page\">\n\t\t\t\t<div class=\"elementor-element elementor-element-79dd0cc e-flex e-con-boxed e-con e-parent\" data-id=\"79dd0cc\" data-element_type=\"container\" data-e-type=\"container\" data-settings=\"{&quot;background_background&quot;:&quot;classic&quot;}\">\n\t\t\t\t\t<div class=\"e-con-inner\">\n\t\t\t\t<div class=\"elementor-element elementor-element-b4122c4 elementor-widget elementor-widget-heading\" data-id=\"b4122c4\" data-element_type=\"widget\" data-e-type=\"widget\" data-widget_type=\"heading.default\">\n\t\t\t\t\t<h2 class=\"elementor-heading-title elementor-size-default\">Acerca de nosotros<\/h2>\t\t\t\t<\/div>\n\t\t\t\t<div class=\"elementor-element elementor-element-87084c9 elementor-align-left elementor-widget elementor-widget-breadcrumbs\" data-id=\"87084c9\" data-element_type=\"widget\" data-e-type=\"widget\" data-widget_type=\"breadcrumbs.default\">\n\t\t\t\t<div class=\"elementor-widget-container\">\n\t\t\t\t\t<div><span class=\"last\">Inicio<\/span><\/div>\t\t\t\t<\/div>\n\t\t\t\t<\/div>\n\t\t\t\t\t<\/div>\n\t\t\t\t<\/div>\n\t\t<div class=\"elementor-element elementor-element-ad3c602 e-flex e-con-boxed e-con e-parent\" data-id=\"ad3c602\" data-element_type=\"container\" data-e-type=\"container\">\n\t\t\t\t\t<div class=\"e-con-inner\">\n\t\t<div class=\"elementor-element elementor-element-0adf951 e-con-full e-flex e-con e-child\" data-id=\"0adf951\" data-element_type=\"container\" data-e-type=\"container\">\n\t\t\t\t<div class=\"elementor-element elementor-element-e6128e8 elementor-widget elementor-widget-heading\" data-id=\"e6128e8\" data-element_type=\"widget\" data-e-type=\"widget\" data-widget_type=\"heading.default\">\n\t\t\t\t\t<h3 class=\"elementor-heading-title elementor-size-default\">Acerca de Dingsheng Machine<\/h3>\t\t\t\t<\/div>\n\t\t\t\t<div class=\"elementor-element elementor-element-3b3747a elementor-widget__width-initial elementor-widget elementor-widget-text-editor\" data-id=\"3b3747a\" data-element_type=\"widget\" data-e-type=\"widget\" data-widget_type=\"text-editor.default\">\n\t\t\t\t\t\t\t\t\t<p>Dingsheng Machine es una gran empresa especializada en la producci\u00f3n de maquinaria autom\u00e1tica de precisi\u00f3n y productos mec\u00e1nicos generales. Fabricamos principalmente m\u00e1quinas troqueladoras hidr\u00e1ulicas, m\u00e1quinas cortadoras hidr\u00e1ulicas con brazo oscilante, m\u00e1quinas cortadoras hidr\u00e1ulicas con cabezal m\u00f3vil, m\u00e1quinas cortadoras CNC, m\u00e1quinas troqueladoras de cinta, m\u00e1quinas laminadoras por llama y m\u00e1quinas cortadoras de rollos. Nuestra empresa cuenta con tecnolog\u00eda de m\u00e1quinas cortadoras de cuero, una s\u00f3lida fuerza t\u00e9cnica y completas instalaciones de producci\u00f3n.<\/p>\t\t\t\t\t\t\t\t<\/div>\n\t\t\t\t<div class=\"elementor-element elementor-element-6b18a16 elementor-align-left elementor-mobile-align-center elementor-widget elementor-widget-button\" data-id=\"6b18a16\" data-element_type=\"widget\" data-e-type=\"widget\" data-widget_type=\"button.default\">\n\t\t\t\t\t\t\t\t\t\t<a class=\"elementor-button elementor-button-link elementor-size-sm\" href=\"https:\/\/diecuttermachine.com\/es\/company-profile\/\">\n\t\t\t\t\t\t<span class=\"elementor-button-content-wrapper\">\n\t\t\t\t\t\t\t\t\t<span class=\"elementor-button-text\">M\u00e1s informaci\u00f3n<\/span>\n\t\t\t\t\t<\/span>\n\t\t\t\t\t<\/a>\n\t\t\t\t\t\t\t\t<\/div>\n\t\t\t\t<\/div>\n\t\t<div class=\"elementor-element elementor-element-af10c5f e-con-full e-flex e-con e-child\" data-id=\"af10c5f\" data-element_type=\"container\" data-e-type=\"container\">\n\t\t\t\t<div class=\"elementor-element elementor-element-8b317c9 elementor-widget elementor-widget-image\" data-id=\"8b317c9\" data-element_type=\"widget\" data-e-type=\"widget\" data-widget_type=\"image.default\">\n\t\t\t\t\t\t\t\t\t\t\t\t\t\t\t<img fetchpriority=\"high\" decoding=\"async\" width=\"1024\" height=\"621\" src=\"https:\/\/diecuttermachine.com\/wp-content\/uploads\/2025\/09\/\u5fae\u4fe1\u56fe\u7247_202503050848205-1024x621.webp\" class=\"attachment-large size-large wp-image-514\" alt=\"factory banner\" srcset=\"https:\/\/diecuttermachine.com\/wp-content\/uploads\/2025\/09\/\u5fae\u4fe1\u56fe\u7247_202503050848205-1024x621.webp 1024w, https:\/\/diecuttermachine.com\/wp-content\/uploads\/2025\/09\/\u5fae\u4fe1\u56fe\u7247_202503050848205-300x182.webp 300w, https:\/\/diecuttermachine.com\/wp-content\/uploads\/2025\/09\/\u5fae\u4fe1\u56fe\u7247_202503050848205-768x466.webp 768w, https:\/\/diecuttermachine.com\/wp-content\/uploads\/2025\/09\/\u5fae\u4fe1\u56fe\u7247_202503050848205-1536x931.webp 1536w, https:\/\/diecuttermachine.com\/wp-content\/uploads\/2025\/09\/\u5fae\u4fe1\u56fe\u7247_202503050848205.webp 1920w\" sizes=\"(max-width: 1024px) 100vw, 1024px\" title=\"Fabricante profesional de m\u00e1quinas troqueladoras\">\t\t\t\t\t\t\t\t\t\t\t\t\t\t\t<\/div>\n\t\t\t\t<\/div>\n\t\t\t\t\t<\/div>\n\t\t\t\t<\/div>\n\t\t<div class=\"elementor-element elementor-element-35af12d e-con-full e-flex e-con e-parent\" data-id=\"35af12d\" data-element_type=\"container\" data-e-type=\"container\">\n\t\t<div class=\"elementor-element elementor-element-2036d67 e-con-full e-flex e-con e-child\" data-id=\"2036d67\" data-element_type=\"container\" data-e-type=\"container\">\n\t\t\t\t<div class=\"elementor-element elementor-element-186b8c5 elementor-widget elementor-widget-image\" data-id=\"186b8c5\" data-element_type=\"widget\" data-e-type=\"widget\" data-widget_type=\"image.default\">\n\t\t\t\t\t\t\t\t\t\t\t\t\t\t\t<img decoding=\"async\" width=\"1024\" height=\"768\" src=\"https:\/\/diecuttermachine.com\/wp-content\/uploads\/2025\/10\/0b1c439a4c0de7ad7d15dee9b7e112c-1024x768.webp\" class=\"attachment-large size-large wp-image-724\" alt=\"Fabricante profesional de m\u00e1quinas troqueladoras\" srcset=\"https:\/\/diecuttermachine.com\/wp-content\/uploads\/2025\/10\/0b1c439a4c0de7ad7d15dee9b7e112c-1024x768.webp 1024w, https:\/\/diecuttermachine.com\/wp-content\/uploads\/2025\/10\/0b1c439a4c0de7ad7d15dee9b7e112c-300x225.webp 300w, https:\/\/diecuttermachine.com\/wp-content\/uploads\/2025\/10\/0b1c439a4c0de7ad7d15dee9b7e112c-768x576.webp 768w, https:\/\/diecuttermachine.com\/wp-content\/uploads\/2025\/10\/0b1c439a4c0de7ad7d15dee9b7e112c.webp 1200w\" sizes=\"(max-width: 1024px) 100vw, 1024px\" title=\"Fabricante profesional de m\u00e1quinas troqueladoras\">\t\t\t\t\t\t\t\t\t\t\t\t\t\t\t<\/div>\n\t\t\t\t<\/div>\n\t\t<div class=\"elementor-element elementor-element-0c1ef83 e-con-full e-flex e-con e-child\" data-id=\"0c1ef83\" data-element_type=\"container\" data-e-type=\"container\" data-settings=\"{&quot;background_background&quot;:&quot;classic&quot;}\">\n\t\t\t\t<div class=\"elementor-element elementor-element-27a5008 elementor-widget elementor-widget-heading\" data-id=\"27a5008\" data-element_type=\"widget\" data-e-type=\"widget\" data-widget_type=\"heading.default\">\n\t\t\t\t\t<h3 class=\"elementor-heading-title elementor-size-default\">Vea nuestras instalaciones<\/h3>\t\t\t\t<\/div>\n\t\t\t\t<div class=\"elementor-element elementor-element-880c497 elementor-widget__width-initial elementor-widget elementor-widget-text-editor\" data-id=\"880c497\" data-element_type=\"widget\" data-e-type=\"widget\" data-widget_type=\"text-editor.default\">\n\t\t\t\t\t\t\t\t\t<p>Nuestra empresa cuenta con un sistema de gesti\u00f3n cient\u00edfico est\u00e1ndar y un sistema de gesti\u00f3n de calidad integral perfecto, adem\u00e1s de un servicio r\u00e1pido y un sistema de atenci\u00f3n posventa atento. Introducci\u00f3n de tecnolog\u00eda avanzada, selecci\u00f3n de un sistema hidr\u00e1ulico excelente. \u00a1El principio de un dise\u00f1o mec\u00e1nico preciso, estable y eficiente! Excelente equipo de producci\u00f3n, gran capacidad t\u00e9cnica, capacidad de procesamiento avanzada e instalaciones de prueba completas.<\/p>\t\t\t\t\t\t\t\t<\/div>\n\t\t\t\t<div class=\"elementor-element elementor-element-925898d elementor-align-left elementor-widget elementor-widget-button\" data-id=\"925898d\" data-element_type=\"widget\" data-e-type=\"widget\" data-widget_type=\"button.default\">\n\t\t\t\t\t\t\t\t\t\t<a class=\"elementor-button elementor-button-link elementor-size-sm\" href=\"https:\/\/diecuttermachine.com\/es\/factory-tour\/\">\n\t\t\t\t\t\t<span class=\"elementor-button-content-wrapper\">\n\t\t\t\t\t\t\t\t\t<span class=\"elementor-button-text\">M\u00e1s informaci\u00f3n<\/span>\n\t\t\t\t\t<\/span>\n\t\t\t\t\t<\/a>\n\t\t\t\t\t\t\t\t<\/div>\n\t\t\t\t<\/div>\n\t\t\t\t<\/div>\n\t\t<div class=\"elementor-element elementor-element-bf50041 e-flex e-con-boxed e-con e-parent\" data-id=\"bf50041\" data-element_type=\"container\" data-e-type=\"container\">\n\t\t\t\t\t<div class=\"e-con-inner\">\n\t\t\t\t<div class=\"elementor-element elementor-element-0e0a7d1 elementor-widget elementor-widget-heading\" data-id=\"0e0a7d1\" data-element_type=\"widget\" data-e-type=\"widget\" data-widget_type=\"heading.default\">\n\t\t\t\t\t<h3 class=\"elementor-heading-title elementor-size-default\">Inspecci\u00f3n y control de calidad<\/h3>\t\t\t\t<\/div>\n\t\t\t\t<div class=\"elementor-element elementor-element-0520c4e elementor-widget__width-initial elementor-widget elementor-widget-text-editor\" data-id=\"0520c4e\" data-element_type=\"widget\" data-e-type=\"widget\" data-widget_type=\"text-editor.default\">\n\t\t\t\t\t\t\t\t\t<p>En la industria de la fabricaci\u00f3n mec\u00e1nica, donde la precisi\u00f3n define el rendimiento y la fiabilidad determina la reputaci\u00f3n, la calidad no es solo una norma, sino la piedra angular del desarrollo sostenible. Desde la selecci\u00f3n de las materias primas hasta la entrega final de la m\u00e1quina terminada, un riguroso y sistem\u00e1tico sistema de supervisi\u00f3n y control de la calidad garantiza que cada componente, cada conjunto y cada pieza del equipo cumpla o supere las normas internacionales y las expectativas de los clientes.<\/p>\t\t\t\t\t\t\t\t<\/div>\n\t\t\t\t<div class=\"elementor-element elementor-element-c9ab348 elementor-widget__width-initial elementor-invisible elementor-widget elementor-widget-gallery\" data-id=\"c9ab348\" data-element_type=\"widget\" data-e-type=\"widget\" data-settings=\"{&quot;gap&quot;:{&quot;unit&quot;:&quot;px&quot;,&quot;size&quot;:15,&quot;sizes&quot;:[]},&quot;aspect_ratio&quot;:&quot;16:9&quot;,&quot;_animation&quot;:&quot;fadeInLeft&quot;,&quot;lazyload&quot;:&quot;yes&quot;,&quot;gallery_layout&quot;:&quot;grid&quot;,&quot;columns&quot;:4,&quot;columns_tablet&quot;:2,&quot;columns_mobile&quot;:1,&quot;gap_tablet&quot;:{&quot;unit&quot;:&quot;px&quot;,&quot;size&quot;:10,&quot;sizes&quot;:[]},&quot;gap_mobile&quot;:{&quot;unit&quot;:&quot;px&quot;,&quot;size&quot;:10,&quot;sizes&quot;:[]},&quot;content_hover_animation&quot;:&quot;fade-in&quot;}\" data-widget_type=\"gallery.default\">\n\t\t\t\t\t\t\t<div class=\"elementor-gallery__container\">\n\t\t\t\t\t\t\t<div class=\"e-gallery-item elementor-gallery-item elementor-animated-content\">\n\t\t\t\t\t<div class=\"e-gallery-image elementor-gallery-item__image\" data-thumbnail=\"https:\/\/diecuttermachine.com\/wp-content\/uploads\/2025\/09\/Mechanical-Manufacturing-Quality-Copywriting-1.webp\" data-width=\"1200\" data-height=\"783\" aria-label=\"\" role=\"img\" ><\/div>\n\t\t\t\t\t\t\t\t\t\t\t\t\t\t<\/div>\n\t\t\t\t\t\t\t<div class=\"e-gallery-item elementor-gallery-item elementor-animated-content\">\n\t\t\t\t\t<div class=\"e-gallery-image elementor-gallery-item__image\" data-thumbnail=\"https:\/\/diecuttermachine.com\/wp-content\/uploads\/2025\/09\/Mechanical-Manufacturing-Quality-Copywriting-2.webp\" data-width=\"1200\" data-height=\"783\" aria-label=\"\" role=\"img\" ><\/div>\n\t\t\t\t\t\t\t\t\t\t\t\t\t\t<\/div>\n\t\t\t\t\t\t\t<div class=\"e-gallery-item elementor-gallery-item elementor-animated-content\">\n\t\t\t\t\t<div class=\"e-gallery-image elementor-gallery-item__image\" data-thumbnail=\"https:\/\/diecuttermachine.com\/wp-content\/uploads\/2025\/09\/Mechanical-Manufacturing-Quality-Copywriting-3.webp\" data-width=\"1200\" data-height=\"783\" aria-label=\"\" role=\"img\" ><\/div>\n\t\t\t\t\t\t\t\t\t\t\t\t\t\t<\/div>\n\t\t\t\t\t\t\t<div class=\"e-gallery-item elementor-gallery-item elementor-animated-content\">\n\t\t\t\t\t<div class=\"e-gallery-image elementor-gallery-item__image\" data-thumbnail=\"https:\/\/diecuttermachine.com\/wp-content\/uploads\/2025\/09\/Mechanical-Manufacturing-Quality-Copywriting.webp\" data-width=\"1200\" data-height=\"783\" aria-label=\"\" role=\"img\" ><\/div>\n\t\t\t\t\t\t\t\t\t\t\t\t\t\t<\/div>\n\t\t\t\t\t<\/div>\n\t\t\t\t\t<\/div>\n\t\t\t\t<div class=\"elementor-element elementor-element-e0d4d5c elementor-align-left elementor-widget elementor-widget-button\" data-id=\"e0d4d5c\" data-element_type=\"widget\" data-e-type=\"widget\" data-widget_type=\"button.default\">\n\t\t\t\t\t\t\t\t\t\t<a class=\"elementor-button elementor-button-link elementor-size-sm\" href=\"https:\/\/diecuttermachine.com\/es\/quality-control\/\">\n\t\t\t\t\t\t<span class=\"elementor-button-content-wrapper\">\n\t\t\t\t\t\t\t\t\t<span class=\"elementor-button-text\">Ver m\u00e1s<\/span>\n\t\t\t\t\t<\/span>\n\t\t\t\t\t<\/a>\n\t\t\t\t\t\t\t\t<\/div>\n\t\t\t\t\t<\/div>\n\t\t\t\t<\/div>\n\t\t<div class=\"elementor-element elementor-element-d350093 e-con-full e-flex e-con e-parent\" data-id=\"d350093\" data-element_type=\"container\" data-e-type=\"container\">\n\t\t<div class=\"elementor-element elementor-element-c53d1e1 e-con-full e-flex e-con e-child\" data-id=\"c53d1e1\" data-element_type=\"container\" data-e-type=\"container\">\n\t\t\t\t<div class=\"elementor-element elementor-element-bf89762 elementor-widget elementor-widget-video\" data-id=\"bf89762\" data-element_type=\"widget\" data-e-type=\"widget\" data-settings=\"{&quot;video_type&quot;:&quot;hosted&quot;,&quot;autoplay&quot;:&quot;yes&quot;,&quot;loop&quot;:&quot;yes&quot;}\" data-widget_type=\"video.default\">\n\t\t\t\t\t\t\t<div class=\"e-hosted-video elementor-wrapper elementor-open-inline\">\n\t\t\t\t\t<video class=\"elementor-video\" src=\"http:\/\/diecuttermachine.com\/wp-content\/uploads\/2025\/10\/c6260695f793a21f216d3b598a0a36a3.mp4\" autoplay=\"\" loop=\"\" controlslist=\"nodownload\"><\/video>\n\t\t\t\t<\/div>\n\t\t\t\t\t\t<\/div>\n\t\t\t\t<\/div>\n\t\t<div class=\"elementor-element elementor-element-ab617f9 e-con-full e-flex e-con e-child\" data-id=\"ab617f9\" data-element_type=\"container\" data-e-type=\"container\" data-settings=\"{&quot;background_background&quot;:&quot;classic&quot;}\">\n\t\t\t\t<div class=\"elementor-element elementor-element-c0ab619 elementor-widget elementor-widget-heading\" data-id=\"c0ab619\" data-element_type=\"widget\" data-e-type=\"widget\" data-widget_type=\"heading.default\">\n\t\t\t\t\t<h3 class=\"elementor-heading-title elementor-size-default\">V\u00eddeo del taller<\/h3>\t\t\t\t<\/div>\n\t\t\t\t<div class=\"elementor-element elementor-element-0cdab8c elementor-widget__width-initial elementor-widget elementor-widget-text-editor\" data-id=\"0cdab8c\" data-element_type=\"widget\" data-e-type=\"widget\" data-widget_type=\"text-editor.default\">\n\t\t\t\t\t\t\t\t\t<p>La m\u00e1quina Dinghseng cuenta con una capacidad de dise\u00f1o de primera clase, y nuestra m\u00e1quina se beneficia de la innovaci\u00f3n y el desarrollo constantes en su posici\u00f3n de liderazgo en el mercado. Nuestro ingeniero t\u00e9cnico s\u00e9nior cuenta con una amplia experiencia en el modelado y la configuraci\u00f3n de la m\u00e1quina, y busca las soluciones m\u00e1s adecuadas en funci\u00f3n de los diferentes requisitos del proceso de corte, combinando a la perfecci\u00f3n tecnolog\u00eda avanzada y componentes excelentes para garantizar plenamente la calidad del producto.<\/p>\t\t\t\t\t\t\t\t<\/div>\n\t\t\t\t<div class=\"elementor-element elementor-element-4cec310 elementor-align-left elementor-widget elementor-widget-button\" data-id=\"4cec310\" data-element_type=\"widget\" data-e-type=\"widget\" data-widget_type=\"button.default\">\n\t\t\t\t\t\t\t\t\t\t<a class=\"elementor-button elementor-button-link elementor-size-sm\" href=\"https:\/\/diecuttermachine.com\/es\/workshop-video\/\">\n\t\t\t\t\t\t<span class=\"elementor-button-content-wrapper\">\n\t\t\t\t\t\t\t\t\t<span class=\"elementor-button-text\">VER V\u00cdDEO<\/span>\n\t\t\t\t\t<\/span>\n\t\t\t\t\t<\/a>\n\t\t\t\t\t\t\t\t<\/div>\n\t\t\t\t<\/div>\n\t\t\t\t<\/div>\n\t\t\t\t<\/div>","protected":false},"excerpt":{"rendered":"<p>About Us Home About Dingsheng Machine Dingsheng machine is a large-scale enterprise specializing in the production of precision automatic machinery [&hellip;]<\/p>","protected":false},"author":1,"featured_media":0,"parent":0,"menu_order":0,"comment_status":"closed","ping_status":"closed","template":"","meta":{"_acf_changed":false,"_monsterinsights_skip_tracking":false,"_monsterinsights_sitenote_active":false,"_monsterinsights_sitenote_note":"","_monsterinsights_sitenote_category":0,"site-sidebar-layout":"no-sidebar","site-content-layout":"","ast-site-content-layout":"full-width-container","site-content-style":"default","site-sidebar-style":"default","ast-global-header-display":"","ast-banner-title-visibility":"","ast-main-header-display":"","ast-hfb-above-header-display":"","ast-hfb-below-header-display":"","ast-hfb-mobile-header-display":"","site-post-title":"","ast-breadcrumbs-content":"","ast-featured-img":"disabled","footer-sml-layout":"","ast-disable-related-posts":"","theme-transparent-header-meta":"default","adv-header-id-meta":"","stick-header-meta":"default","header-above-stick-meta":"","header-main-stick-meta":"","header-below-stick-meta":"","astra-migrate-meta-layouts":"set","ast-page-background-enabled":"default","ast-page-background-meta":{"desktop":{"background-color":"var(--ast-global-color-5)","background-image":"","background-repeat":"repeat","background-position":"center center","background-size":"auto","background-attachment":"scroll","background-type":"","background-media":"","overlay-type":"","overlay-color":"","overlay-opacity":"","overlay-gradient":""},"tablet":{"background-color":"","background-image":"","background-repeat":"repeat","background-position":"center center","background-size":"auto","background-attachment":"scroll","background-type":"","background-media":"","overlay-type":"","overlay-color":"","overlay-opacity":"","overlay-gradient":""},"mobile":{"background-color":"","background-image":"","background-repeat":"repeat","background-position":"center center","background-size":"auto","background-attachment":"scroll","background-type":"","background-media":"","overlay-type":"","overlay-color":"","overlay-opacity":"","overlay-gradient":""}},"ast-content-background-meta":{"desktop":{"background-color":"var(--ast-global-color-4)","background-image":"","background-repeat":"repeat","background-position":"center center","background-size":"auto","background-attachment":"scroll","background-type":"","background-media":"","overlay-type":"","overlay-color":"","overlay-opacity":"","overlay-gradient":""},"tablet":{"background-color":"var(--ast-global-color-4)","background-image":"","background-repeat":"repeat","background-position":"center center","background-size":"auto","background-attachment":"scroll","background-type":"","background-media":"","overlay-type":"","overlay-color":"","overlay-opacity":"","overlay-gradient":""},"mobile":{"background-color":"var(--ast-global-color-4)","background-image":"","background-repeat":"repeat","background-position":"center center","background-size":"auto","background-attachment":"scroll","background-type":"","background-media":"","overlay-type":"","overlay-color":"","overlay-opacity":"","overlay-gradient":""}},"footnotes":""},"class_list":["post-695","page","type-page","status-publish","hentry"],"acf":[],"_links":{"self":[{"href":"https:\/\/diecuttermachine.com\/es\/wp-json\/wp\/v2\/pages\/695","targetHints":{"allow":["GET"]}}],"collection":[{"href":"https:\/\/diecuttermachine.com\/es\/wp-json\/wp\/v2\/pages"}],"about":[{"href":"https:\/\/diecuttermachine.com\/es\/wp-json\/wp\/v2\/types\/page"}],"author":[{"embeddable":true,"href":"https:\/\/diecuttermachine.com\/es\/wp-json\/wp\/v2\/users\/1"}],"replies":[{"embeddable":true,"href":"https:\/\/diecuttermachine.com\/es\/wp-json\/wp\/v2\/comments?post=695"}],"version-history":[{"count":29,"href":"https:\/\/diecuttermachine.com\/es\/wp-json\/wp\/v2\/pages\/695\/revisions"}],"predecessor-version":[{"id":1851,"href":"https:\/\/diecuttermachine.com\/es\/wp-json\/wp\/v2\/pages\/695\/revisions\/1851"}],"wp:attachment":[{"href":"https:\/\/diecuttermachine.com\/es\/wp-json\/wp\/v2\/media?parent=695"}],"curies":[{"name":"wp","href":"https:\/\/api.w.org\/{rel}","templated":true}]}}